{"id":163,"date":"2016-09-26T19:00:32","date_gmt":"2016-09-26T19:00:32","guid":{"rendered":"http:\/\/10.13.251.136\/ttd\/?page_id=163"},"modified":"2026-03-09T11:22:35","modified_gmt":"2026-03-09T11:22:35","slug":"multimedia","status":"publish","type":"page","link":"https:\/\/ttd.pjud.cl\/ttd\/?page_id=163","title":{"rendered":"Multimedia"},"content":{"rendered":"<h2>Multimedia TTD<\/h2>\n<div class=\"su-tabs su-tabs-style-default su-tabs-mobile-stack my-custom-tabs\" data-active=\"1\" data-scroll-offset=\"0\" data-anchor-in-url=\"no\"><div class=\"su-tabs-nav\"><span class=\"\" data-url=\"\" data-target=\"blank\" tabindex=\"0\" role=\"button\">Documental<\/span><span class=\"\" data-url=\"\" data-target=\"blank\" tabindex=\"0\" role=\"button\">C\u00e1psula TTD<\/span><span class=\"\" data-url=\"\" data-target=\"blank\" tabindex=\"0\" role=\"button\">Noticias<\/span><\/div><div class=\"su-tabs-panes\"><div class=\"su-tabs-pane su-u-clearfix su-u-trim\" data-title=\"Documental\">\n<h2 style=\"text-align: center;\"><strong>Tribunales de Tratamiento de Drogas en Chile<\/strong><\/h2>\n<p style=\"text-align: justify;\">Conoce la historia de Romi y Jaime, dos ejemplos de la justicia terap\u00e9utica que se abre paso en Chile a trav\u00e9s del trabajo del Servicio Nacional para la Prevenci\u00f3n y Rehabilitaci\u00f3n del Consumo de Drogas y Alcohol (SENDA), el Ministerio de Justicia, el Poder Judicial, el Ministerio P\u00fablico, la Fiscal\u00eda y la Defensor\u00eda Penal.<\/p>\n<div class=\"su-youtube su-u-responsive-media-yes\"><iframe loading=\"lazy\" width=\"600\" height=\"400\" src=\"https:\/\/www.youtube.com\/embed\/PKbJVNSacP4?autohide=2&amp;autoplay=0&amp;mute=0&amp;controls=1&amp;fs=1&amp;loop=0&amp;modestbranding=0&amp;rel=1&amp;showinfo=1&amp;theme=dark&amp;wmode=&amp;playsinline=0\" frameborder=\"0\" allowfullscreen allow=\"autoplay; encrypted-media; picture-in-picture\" title=\"\"><\/iframe><\/div>\n<h2 style=\"text-align: center;\"><\/h2>\n<h2 style=\"text-align: center;\"><strong>Jueces que sanan<\/strong><\/h2>\n<p style=\"text-align: justify;\">Este documental cuenta la cruda experiencia vivencial de Marco y Humberto, y su proceso de sanaci\u00f3n. Ellos son dos imputados por un delito, que en el contexto de la suspensi\u00f3n condicional del procedimiento penal se sometieron a rehabilitaci\u00f3n de consumo problem\u00e1ticode droga y\/o alcohol, ante un juzgado de garant\u00eda, por el per\u00edodo de un a\u00f1o.<\/p>\n<\/div>\n<div class=\"su-tabs-pane su-u-clearfix su-u-trim\" data-title=\"C\u00e1psula TTD\">\n<h1 class=\"style-scope ytd-watch-metadata\">En Palabras Simples 54: \u00bfQu\u00e9 son los Tribunales de Tratamiento de Drogas?<\/h1>\n<div class=\"su-youtube su-u-responsive-media-yes\"><iframe loading=\"lazy\" width=\"600\" height=\"400\" src=\"https:\/\/www.youtube.com\/embed\/MQI6ZmenKpE?autohide=2&amp;autoplay=0&amp;mute=0&amp;controls=1&amp;fs=1&amp;loop=0&amp;modestbranding=0&amp;rel=1&amp;showinfo=1&amp;theme=dark&amp;wmode=&amp;playsinline=0\" frameborder=\"0\" allowfullscreen allow=\"autoplay; encrypted-media; picture-in-picture\" title=\"\"><\/iframe><\/div>\n<h2 style=\"text-align: center;\">Tribunales de Tratamiento de Drogas \u00bfEn qu\u00e9 consiste su funcionamiento?<\/h2>\n<p><iframe loading=\"lazy\" title=\"Tribunales de Tratamiento de Drogas \u00bfEn qu\u00e9 consiste su funcionamiento?\" width=\"860\" height=\"484\" src=\"https:\/\/www.youtube.com\/embed\/S0DwSh19SlU?feature=oembed\" frameborder=\"0\" allow=\"accelerometer; autoplay; clipboard-write; encrypted-media; gyroscope; picture-in-picture; web-share\" referrerpolicy=\"strict-origin-when-cross-origin\" allowfullscreen><\/iframe><\/p>\n<h2 style=\"text-align: center;\"><strong>Particularidades de los TTD para adolescentes y su diferencia con los TTD para adultos, seg\u00fan la visi\u00f3n de un magistrado especializado en la materia (material de capacitaci\u00f3n para jueces)<\/strong><\/h2>\n<p style=\"text-align: justify;\">Ponencia\u00a0de la magistrado del 2\u00ba Juzgado de Garant\u00eda de Santiago, Claudia Pizarro Luco, sobre su experiencia en m\u00e1s de 4 a\u00f1os participando como juez TTD para adolescentes. Esta exposici\u00f3n fue realizada en la ceremonia de inauguraci\u00f3n del Programa de Tribunales de Tratamiento de Drogas para adolescentes en la ciudad de Iquique.<\/p>\n<h3 style=\"text-align: center;\"><strong>Parte 1<\/strong><br \/>\n<iframe loading=\"lazy\" src=\"https:\/\/www.youtube.com\/embed\/KUFuuzRPtLM\" width=\"560\" height=\"315\" frameborder=\"0\" allowfullscreen=\"allowfullscreen\"><\/iframe><\/h3>\n<h3 style=\"text-align: center;\"><strong>Parte 2<\/strong><br \/>\n<iframe loading=\"lazy\" src=\"https:\/\/www.youtube.com\/embed\/ywcd4lkZtcs\" width=\"560\" height=\"315\" frameborder=\"0\" allowfullscreen=\"allowfullscreen\"><\/iframe><\/h3>\n<h2 style=\"text-align: center;\"><\/h2>\n<h2 style=\"text-align: center;\"><strong>Ministro Roberto Contreras expone sobre Tribunales de tratamiento de droga en encuentro de OEA<\/strong><\/h2>\n<p style=\"text-align: justify;\">Exposici\u00f3n del ministro Roberto Contreras sobre la experiencia chilena de los Tribunales De Tratamiento De Droga en encuentro Organizado por la OEA.<br \/>\nEl ministro de la Corte de Apelaciones de San Miguel Roberto Contreras particip\u00f3 en representaci\u00f3n del Poder Judicial de Chile como expositor -el pasado martes 1 de diciembre de 2015- en el encuentro internacional &#8220;Di\u00e1logo de alto nivel sobre alternativas al encarcelamiento para delitos relacionados con las drogas&#8221;, desarrollado por la Organizaci\u00f3n de Estados Americanos (OEA).<\/p>\n<p style=\"text-align: center;\"><iframe loading=\"lazy\" src=\"https:\/\/www.youtube.com\/embed\/C8pF5LSBN3Q\" width=\"560\" height=\"315\" frameborder=\"0\" allowfullscreen=\"allowfullscreen\"><\/iframe><\/p>\n<h2 style=\"text-align: center;\"><strong>Juez de Garant\u00eda entrevista a egresado del programa de Tribunales de Tratamiento de Drogas<\/strong><\/h2>\n<p style=\"text-align: justify;\">El magistrado del 2\u00b0 Juzgado de Garant\u00eda de Santiago Alberto Amiot entrevista a un egresado de los Tribunales de Tratamiento de Drogas, quien explica todo el proceso que debi\u00f3 vivir desde cometer un delito hasta poder rehabilitarse e insertarse en la sociedad.<\/p>\n<div class=\"su-youtube su-u-responsive-media-yes\"><iframe loading=\"lazy\" width=\"600\" height=\"400\" src=\"https:\/\/www.youtube.com\/embed\/1iOMHjkavjw?autohide=2&amp;autoplay=0&amp;mute=0&amp;controls=1&amp;fs=1&amp;loop=0&amp;modestbranding=0&amp;rel=1&amp;showinfo=1&amp;theme=dark&amp;wmode=&amp;playsinline=0\" frameborder=\"0\" allowfullscreen allow=\"autoplay; encrypted-media; picture-in-picture\" title=\"\"><\/iframe><\/div>\n<h2 style=\"text-align: center;\"><strong>Tribunales de Tratamiento de Drogas en Chile<\/strong><\/h2>\n<p style=\"text-align: justify;\">Reuni\u00f3n de Pre-audiencia, audiencias de seguimiento y audiencias de egreso.<br \/>\nMaterial de capacitaci\u00f3n elaborado por Fundaci\u00f3n Paz Ciudadana, perteneciente al curso virtual &#8220;Tribunales de Tratamiento de Drogas&#8221; del Centro de Estudios de Justicia de las Am\u00e9ricas, CEJA.<br \/>\nM\u00e1s informaci\u00f3n en www.cejamericas.org.<\/p>\n<div class=\"su-youtube su-u-responsive-media-yes\"><iframe loading=\"lazy\" width=\"600\" height=\"400\" src=\"https:\/\/www.youtube.com\/embed\/GUvW7vJkX5I?autohide=2&amp;autoplay=0&amp;mute=0&amp;controls=1&amp;fs=1&amp;loop=0&amp;modestbranding=0&amp;rel=1&amp;showinfo=1&amp;theme=dark&amp;wmode=&amp;playsinline=0\" frameborder=\"0\" allowfullscreen allow=\"autoplay; encrypted-media; picture-in-picture\" title=\"\"><\/iframe><\/div>\n<\/div>\n<div class=\"su-tabs-pane su-u-clearfix su-u-trim\" data-title=\"Noticias\">\n<h2 style=\"text-align: center;\"><strong>Tribunal de Tratamiento de Drogas y\/o Alcohol de Puerto Ays\u00e9n<br \/>\nrealiz\u00f3 primera audiencia<\/strong><\/h2>\n<p style=\"text-align: justify;\">El Juzgado mixto de Puerto Ays\u00e9n, tribunal piloto a nivel regional en el tratamiento de drogas y alcohol (TTD), tuvo el &#8211; jueves 28 de marzo- su primera audiencia respecto de un imputado con adicci\u00f3n problem\u00e1tica. Instancia que fue presidida por el magistrado Patricio Silva Pedreros, quien valor\u00f3 la disposici\u00f3n de esta persona para someterse a un programa que busca rehabilitar y reinsertar en la sociedad en un plazo de un a\u00f1o.<\/p>\n<div class=\"su-youtube su-u-responsive-media-yes\"><iframe loading=\"lazy\" width=\"600\" height=\"400\" src=\"https:\/\/www.youtube.com\/embed\/f5CRd7j-6EE?autohide=2&amp;autoplay=0&amp;mute=0&amp;controls=1&amp;fs=1&amp;loop=0&amp;modestbranding=0&amp;rel=1&amp;showinfo=1&amp;theme=dark&amp;wmode=&amp;playsinline=0\" frameborder=\"0\" allowfullscreen allow=\"autoplay; encrypted-media; picture-in-picture\" title=\"\"><\/iframe><\/div>\n<h2 style=\"text-align: center;\"><strong>Noticiero Judicial: Se inauguran Tribunales de Tratamiento de Drogas para adolescentes en Santiago<\/strong><\/h2>\n<p style=\"text-align: justify;\">9 de cada 10 personas que ingresan a un Tribunal de Tratamiento de Drogas no reincide. Un \u00e9xito de este programa de justicia terap\u00e9utica que ahora se implementar\u00e1 para adolescentes infractores de la ley en la Regi\u00f3n Metropolitana. Una iniciativa que fue inaugurada por el ministro de la Corte de Apelaciones de San Miguel, Roberto Contreras.<\/p>\n<div class=\"su-youtube su-u-responsive-media-yes\"><iframe loading=\"lazy\" width=\"600\" height=\"400\" src=\"https:\/\/www.youtube.com\/embed\/P_MFPh9jkH8?autohide=2&amp;autoplay=0&amp;mute=0&amp;controls=1&amp;fs=1&amp;loop=0&amp;modestbranding=0&amp;rel=1&amp;showinfo=1&amp;theme=dark&amp;wmode=&amp;playsinline=0\" frameborder=\"0\" allowfullscreen allow=\"autoplay; encrypted-media; picture-in-picture\" title=\"\"><\/iframe><\/div>\n<h2 style=\"text-align: center;\"><strong>Noticiero Judicial: 10 a\u00f1os de Tribunales de Tratamiento de Drogas en Santiago<\/strong><\/h2>\n<p style=\"text-align: justify;\">Ya son 10 a\u00f1os desde que comenzaron a funcionar los Tribunales de Tratamiento de Drogas en Santiago, en el d\u00e9cimo quinto Juzgado de Garant\u00eda. Los resultados de este sistema de reinserci\u00f3n son alentadoras. 9 de cada 10 personas que egresan no reinciden en alg\u00fan delito y la iniciativa reduce el gasto estatal en la mantenci\u00f3n de personas privadas de libertad.<\/p>\n<div class=\"su-youtube su-u-responsive-media-yes\"><iframe loading=\"lazy\" width=\"600\" height=\"400\" src=\"https:\/\/www.youtube.com\/embed\/tKNEOyD-32o?autohide=2&amp;autoplay=0&amp;mute=0&amp;controls=1&amp;fs=1&amp;loop=0&amp;modestbranding=0&amp;rel=1&amp;showinfo=1&amp;theme=dark&amp;wmode=&amp;playsinline=0\" frameborder=\"0\" allowfullscreen allow=\"autoplay; encrypted-media; picture-in-picture\" title=\"\"><\/iframe><\/div>\n<h2 style=\"text-align: center;\"><strong>Noticiero Judicial: Tribunal de Tratamiento de Drogas y\/o Alcohol para adolescentes<\/strong><\/h2>\n<p style=\"text-align: justify;\">A una d\u00e9cada de su implementaci\u00f3n, nueve de cada diez personas que ingresa a un Tribunal de Tratamiento de Drogas y\/o Alcohol no vuelve a reincidir en delitos. Este sistema pionero a nivel sudamericano est\u00e1 ampli\u00e1ndose a todas las jurisdicciones del pa\u00eds y Concepci\u00f3n fue la \u00faltima en inaugurar uno destinado a adolescentes infractores de la ley.<\/p>\n<div class=\"su-youtube su-u-responsive-media-yes\"><iframe loading=\"lazy\" width=\"600\" height=\"400\" src=\"https:\/\/www.youtube.com\/embed\/UqLXYCZA9K4?autohide=2&amp;autoplay=0&amp;mute=0&amp;controls=1&amp;fs=1&amp;loop=0&amp;modestbranding=0&amp;rel=1&amp;showinfo=1&amp;theme=dark&amp;wmode=&amp;playsinline=0\" frameborder=\"0\" allowfullscreen allow=\"autoplay; encrypted-media; picture-in-picture\" title=\"\"><\/iframe><\/div>\n<h2 style=\"text-align: center;\"><strong>Noticiero Judicial: Tribunal de Tratamiento de Drogas<\/strong><\/h2>\n<p style=\"text-align: justify;\">Seg\u00fan cifras del Ministerio P\u00fablico, 6 de cada 10 delitos son cometidos por personas que presentan un consumo problem\u00e1tico de alcohol o drogas. El Poder Judicial participa de un proceso alternativo para rehabilitar y reinsertar a estas personas. Son los llamados Tribunales de Tratamiento de Drogas<\/p>\n<div class=\"su-youtube su-u-responsive-media-yes\"><iframe loading=\"lazy\" width=\"600\" height=\"400\" src=\"https:\/\/www.youtube.com\/embed\/fDIHAmZ8DYA?autohide=2&amp;autoplay=0&amp;mute=0&amp;controls=1&amp;fs=1&amp;loop=0&amp;modestbranding=0&amp;rel=1&amp;showinfo=1&amp;theme=dark&amp;wmode=&amp;playsinline=0\" frameborder=\"0\" allowfullscreen allow=\"autoplay; encrypted-media; picture-in-picture\" title=\"\"><\/iframe><\/div>\n<h2 style=\"text-align: center;\"><strong>Noticiero Judicial<\/strong><\/h2>\n<p style=\"text-align: justify;\">El \u00e9xito de los Tribunales de Tratamiento de Drogas y alcohol en Chile: En Chile el uso de salidas alternativas para sancionar determinados delitos es una realidad que ha reportado cifras satisfactorias para el Poder Judicial: el 89% de quienes acceden a los Tribunales de Tratamiento de Drogas y alcohol no vuelve a reincidir. Este sistema es considerado un ejemplo a nivel iberoamericano, pero existen otros igualmente exitosos.<\/p>\n<p style=\"text-align: center;\"><iframe loading=\"lazy\" src=\"https:\/\/www.youtube.com\/embed\/8WkgbFaYXac\" width=\"560\" height=\"315\" frameborder=\"0\" allowfullscreen=\"allowfullscreen\"><\/iframe><\/p>\n<h2 style=\"text-align: center;\"><strong>Inauguran el taller internacional sobre Tribunales de Tratamiento de Drogas<\/strong><\/h2>\n<p style=\"text-align: justify;\">Cuenta con la participaci\u00f3n de expertos de Canad\u00e1, Estados Unidos y B\u00e9lgica.<\/p>\n<div class=\"su-youtube su-u-responsive-media-yes\"><iframe loading=\"lazy\" width=\"600\" height=\"400\" src=\"https:\/\/www.youtube.com\/embed\/uf58G2EOiBU?autohide=2&amp;autoplay=0&amp;mute=0&amp;controls=1&amp;fs=1&amp;loop=0&amp;modestbranding=0&amp;rel=1&amp;showinfo=1&amp;theme=dark&amp;wmode=&amp;playsinline=0\" frameborder=\"0\" allowfullscreen allow=\"autoplay; encrypted-media; picture-in-picture\" title=\"\"><\/iframe><\/div>\n<h2 style=\"text-align: center;\"><strong>M6 Tribunales de tratamiento de drogas Chile<\/strong><\/h2>\n<div class=\"su-youtube su-u-responsive-media-yes\"><iframe loading=\"lazy\" width=\"600\" height=\"400\" src=\"https:\/\/www.youtube.com\/embed\/UN-bSMXohlg?autohide=2&amp;autoplay=0&amp;mute=0&amp;controls=1&amp;fs=1&amp;loop=0&amp;modestbranding=0&amp;rel=1&amp;showinfo=1&amp;theme=dark&amp;wmode=&amp;playsinline=0\" frameborder=\"0\" allowfullscreen allow=\"autoplay; encrypted-media; picture-in-picture\" title=\"\"><\/iframe><\/div>\n<\/div><\/div><\/div>\n<p><!-- IMPORTANT You need to add this CSS code to the custom CSS editor at plugin settings page --><\/p>\n","protected":false},"excerpt":{"rendered":"<p>Multimedia TTD <a class=\"continue-reading-link\" href=\"https:\/\/ttd.pjud.cl\/ttd\/?page_id=163\">Leer m\u00e1s &#8230;<\/a><\/p>\n","protected":false},"author":1,"featured_media":0,"parent":0,"menu_order":0,"comment_status":"closed","ping_status":"closed","template":"","meta":{"footnotes":""},"class_list":["post-163","page","type-page","status-publish","hentry"],"_links":{"self":[{"href":"https:\/\/ttd.pjud.cl\/ttd\/index.php?rest_route=\/wp\/v2\/pages\/163"}],"collection":[{"href":"https:\/\/ttd.pjud.cl\/ttd\/index.php?rest_route=\/wp\/v2\/pages"}],"about":[{"href":"https:\/\/ttd.pjud.cl\/ttd\/index.php?rest_route=\/wp\/v2\/types\/page"}],"author":[{"embeddable":true,"href":"https:\/\/ttd.pjud.cl\/ttd\/index.php?rest_route=\/wp\/v2\/users\/1"}],"replies":[{"embeddable":true,"href":"https:\/\/ttd.pjud.cl\/ttd\/index.php?rest_route=%2Fwp%2Fv2%2Fcomments&post=163"}],"version-history":[{"count":44,"href":"https:\/\/ttd.pjud.cl\/ttd\/index.php?rest_route=\/wp\/v2\/pages\/163\/revisions"}],"predecessor-version":[{"id":1925,"href":"https:\/\/ttd.pjud.cl\/ttd\/index.php?rest_route=\/wp\/v2\/pages\/163\/revisions\/1925"}],"wp:attachment":[{"href":"https:\/\/ttd.pjud.cl\/ttd\/index.php?rest_route=%2Fwp%2Fv2%2Fmedia&parent=163"}],"curies":[{"name":"wp","href":"https:\/\/api.w.org\/{rel}","templated":true}]}}